{"id":125,"date":"2016-03-24T14:05:48","date_gmt":"2016-03-24T13:05:48","guid":{"rendered":"http:\/\/192.168.8.3\/wordpress\/?page_id=125"},"modified":"2020-01-26T19:43:09","modified_gmt":"2020-01-26T18:43:09","slug":"nieuwjaarsreceptie","status":"publish","type":"page","link":"https:\/\/www.zuidplasruiters.nl\/index.php\/nieuwjaarsreceptie\/","title":{"rendered":"Nieuwjaarsreceptie"},"content":{"rendered":"<p>Een jaarlijkse traditie bij De Zuidplasruiters is de nieuwjaarsreceptie. Tijdens deze nieuwjaarsreceptie worden ook de prijzen voor de <a href=\"http:\/\/www.zuidplasruiters.nl\/index.php\/ruiters-van-het-jaar\/\" target=\"_blank\">&#8216;Ruiter van het Jaar&#8217; <\/a>uitgereikt (\u00e9\u00e9n keer voor een ponyruiter en \u00e9\u00e9n keer voor een paardenruiter). De selectie wordt bepaald door de resultaten die zijn behaald tijdens de wedstrijden bij De Zuidplasruiters.<\/p>\n","protected":false},"excerpt":{"rendered":"<p>Een jaarlijkse traditie bij De Zuidplasruiters is de nieuwjaarsreceptie. Tijdens deze nieuwjaarsreceptie worden ook de prijzen voor de &#8216;Ruiter van het Jaar&#8217; uitgereikt (\u00e9\u00e9n keer voor een ponyruiter en \u00e9\u00e9n keer voor een paardenruiter). De selectie wordt bepaald door de resultaten die zijn behaald tijdens de wedstrijden bij De Zuidplasruiters.<\/p>\n","protected":false},"author":1,"featured_media":3358,"parent":0,"menu_order":0,"comment_status":"closed","ping_status":"closed","template":"","meta":[],"aioseo_notices":[],"_links":{"self":[{"href":"https:\/\/www.zuidplasruiters.nl\/index.php\/wp-json\/wp\/v2\/pages\/125"}],"collection":[{"href":"https:\/\/www.zuidplasruiters.nl\/index.php\/wp-json\/wp\/v2\/pages"}],"about":[{"href":"https:\/\/www.zuidplasruiters.nl\/index.php\/wp-json\/wp\/v2\/types\/page"}],"author":[{"embeddable":true,"href":"https:\/\/www.zuidplasruiters.nl\/index.php\/wp-json\/wp\/v2\/users\/1"}],"replies":[{"embeddable":true,"href":"https:\/\/www.zuidplasruiters.nl\/index.php\/wp-json\/wp\/v2\/comments?post=125"}],"version-history":[{"count":3,"href":"https:\/\/www.zuidplasruiters.nl\/index.php\/wp-json\/wp\/v2\/pages\/125\/revisions"}],"predecessor-version":[{"id":3382,"href":"https:\/\/www.zuidplasruiters.nl\/index.php\/wp-json\/wp\/v2\/pages\/125\/revisions\/3382"}],"wp:featuredmedia":[{"embeddable":true,"href":"https:\/\/www.zuidplasruiters.nl\/index.php\/wp-json\/wp\/v2\/media\/3358"}],"wp:attachment":[{"href":"https:\/\/www.zuidplasruiters.nl\/index.php\/wp-json\/wp\/v2\/media?parent=125"}],"curies":[{"name":"wp","href":"https:\/\/api.w.org\/{rel}","templated":true}]}}